{"id":349,"date":"2018-03-04T01:00:02","date_gmt":"2018-03-04T00:00:02","guid":{"rendered":"https:\/\/www.fourelements.de.com\/en\/?page_id=349"},"modified":"2019-02-20T10:38:40","modified_gmt":"2019-02-20T09:38:40","slug":"events","status":"publish","type":"page","link":"https:\/\/www.fourelements.de.com\/en\/events\/","title":{"rendered":"Events"},"content":{"rendered":"[vc_row fullwidth=&#8221;true&#8221; parallax=&#8221;content-moving-fade&#8221; css=&#8221;.vc_custom_1514541538554{margin-bottom: 45px !important;}&#8221;][vc_column][mk_edge_slider swiper_bg=&#8221;#ffffff&#8221; order=&#8221;ASC&#8221; orderby=&#8221;post__in&#8221; animation_effect=&#8221;kenburned&#8221; slideshow_speed=&#8221;14000&#8243; direction_nav=&#8221;thumbflip&#8221; skip_arrow=&#8221;false&#8221; disable_lazyload=&#8221;true&#8221; slides=&#8221;361, 363&#8243;][\/vc_column][\/vc_row][vc_row id=&#8221;c1&#8243; css=&#8221;.vc_custom_1514465478152{padding-top: 35px !important;}&#8221;][vc_column][vc_column_text align=&#8221;center&#8221; css=&#8221;.vc_custom_1520122135027{margin-bottom: 0px !important;}&#8221;]\n<h1>Events<\/h1>\n[\/vc_column_text][vc_column_text align=&#8221;center&#8221; css=&#8221;.vc_custom_1520244670714{margin-bottom: 0px !important;}&#8221;]\n<h4>Information about upcoming events.<\/h4>\n[\/vc_column_text][mk_padding_divider size=&#8221;20&#8243;][vc_separator color=&#8221;chino&#8221; border_width=&#8221;2&#8243; el_width=&#8221;10&#8243;][\/vc_column][\/vc_row][vc_row id=&#8221;c1&#8243; css=&#8221;.vc_custom_1528273238327{margin-bottom: 65px !important;padding-top: 35px !important;}&#8221;][vc_column width=&#8221;1\/2&#8243;][vc_column_text align=&#8221;center&#8221; css=&#8221;.vc_custom_1545637054414{margin-bottom: 0px !important;}&#8221;]<img decoding=\"async\" loading=\"lazy\" class=\"aligncenter size-large wp-image-571\" src=\"https:\/\/www.fourelements.de.com\/wp-content\/uploads\/subay-001-1024x684.jpg\" alt=\"\" width=\"1024\" height=\"684\" srcset=\"https:\/\/www.fourelements.de.com\/wp-content\/uploads\/subay-001-1024x684.jpg 1024w, https:\/\/www.fourelements.de.com\/wp-content\/uploads\/subay-001-300x200.jpg 300w, https:\/\/www.fourelements.de.com\/wp-content\/uploads\/subay-001-768x513.jpg 768w, https:\/\/www.fourelements.de.com\/wp-content\/uploads\/subay-001.jpg 1200w\" sizes=\"(max-width: 1024px) 100vw, 1024px\" \/><\/p>\n<h2>Shibari lernen \u2013 aktuelle Workshops<\/h2>\n<p>Hier findet Ihr unsere aktuellen Workshops zum <a href=\"https:\/\/www.fourelements.de.com\/was-ist-shibari\/\">Thema Shibari<\/a>.<br \/>\nWir bieten Einsteiger- bis zu Fortgeschrittenenworkshops, aber auch Unterricht zu speziellen Themen an.<\/p>\n<p>Als <a href=\"https:\/\/www.fourelements.de.com\/ropeknight\/\">einziger offizieller Yukimura Ryu und Osada Ryu Instruktor Deutschlands<\/a> biete ich Euch auch die Gelegenheit diese beiden Stile von Grund auf zu erlernen. Hier im Fourelements habt Ihr auch die Gelegenheit die in diesen Stilen m\u00f6glichen und weltweit bekannten Zertifikate zu erlangen.<\/p>\n<p>Au\u00dferhalb der Workshops ist auch intensiver Einzelunterricht m\u00f6glich, wenn man ein bestimmtes Thema vertiefen oder sich in besonderer Weise mit Shibari auseinandersetzen m\u00f6chte.<\/p>\n<p>Wie ihr seht gibt es im Fourelements diverse Angebote um klassisches Shibari zu erlernen.<\/p>\n<p>Sprecht mich zu den offiziellen Pr\u00fcfungssystemen, speziellen Fragen zum Osada oder Yukimura Ryu oder zum Einzelunterricht gerne einfach an. Ich stehe auch f\u00fcr Shibari Workshops in eurer Community zur Verf\u00fcgung.[\/vc_column_text][mk_button dimension=&#8221;outline&#8221; size=&#8221;large&#8221; url=&#8221;https:\/\/www.fourelements.de.com\/en\/termine\/kategorie\/workshop\/list\/&#8221; align=&#8221;center&#8221;]Workshop-Termine[\/mk_button][\/vc_column][vc_column width=&#8221;1\/2&#8243;][vc_column_text align=&#8221;center&#8221; css=&#8221;.vc_custom_1550655509306{margin-bottom: 0px !important;}&#8221;]<img decoding=\"async\" loading=\"lazy\" class=\"aligncenter wp-image-570 size-large\" src=\"https:\/\/www.fourelements.de.com\/wp-content\/uploads\/fesseltreffs-1024x684.jpg\" alt=\"\" width=\"1024\" height=\"684\" srcset=\"https:\/\/www.fourelements.de.com\/wp-content\/uploads\/fesseltreffs-1024x684.jpg 1024w, https:\/\/www.fourelements.de.com\/wp-content\/uploads\/fesseltreffs-300x200.jpg 300w, https:\/\/www.fourelements.de.com\/wp-content\/uploads\/fesseltreffs-768x513.jpg 768w, https:\/\/www.fourelements.de.com\/wp-content\/uploads\/fesseltreffs.jpg 1200w\" sizes=\"(max-width: 1024px) 100vw, 1024px\" \/><\/p>\n<h2>Fesseltreffs und \u00dcbungsabende<\/h2>\n<p>Im <a href=\"https:\/\/www.fourelements.de.com\/fourelements\/\">Fourelements<\/a> findet eine Reihe von Fesseltreffs statt.<br \/>\nBei manchen kann man Shibari und Kinbaku erleben, bei anderen kann man Shibari lernen.<br \/>\nEinsteiger- und auch f\u00fcr Einzelpersonen wunderbar geeignet sind die \u201eSeilzeit\u201c oder \u201eSeilzeit \u2013 Saturday Edition\u201c die seit 2014 ca. zwei Mal im Monat stattfinden.<br \/>\nF\u00fcr Paare die sich schon ein wenig besser auskennen gibt es die \u201eSeilzeit Kinbaku Edition\u201c.<\/p>\n<p>Aber auch ein spezielles Angebot f\u00fcr junge Fesselbegeisterte in Zusammenarbeit mit der SMJG Alumni bieten wir mit dem \u201e<a href=\"http:\/\/riggoros.love\/\">Riggoros<\/a>\u201c an. Gemeinsam Shibari lernen und der Austausch stehen im Mittelpunkt.<\/p>\n<p>Abschliessend gibt es noch regelm\u00e4\u00dfige \u00dcbungsabende &#8211; &#8220;Fourelements Freies Training&#8221;. Ausprobieren und trainieren und auch mal Fragen lopswerden oder Tips bekommen.<\/p>\n<p>Schaut euch einfach einmal um oder schreibt mich bei Fragen an.[\/vc_column_text][mk_button dimension=&#8221;outline&#8221; size=&#8221;large&#8221; url=&#8221;https:\/\/www.fourelements.de.com\/en\/termine\/kategorie\/fesseltreff\/list\/&#8221; align=&#8221;center&#8221;]Fesseltreff-Termine[\/mk_button][\/vc_column][\/vc_row]\n","protected":false},"excerpt":{"rendered":"<p>[vc_row fullwidth=&#8221;true&#8221; parallax=&#8221;content-moving-fade&#8221; css=&#8221;.vc_custom_1514541538554{margin-bottom: 45px !important;}&#8221;][vc_column][mk_edge_slider swiper_bg=&#8221;#ffffff&#8221; order=&#8221;ASC&#8221; orderby=&#8221;post__in&#8221; animation_effect=&#8221;kenburned&#8221; slideshow_speed=&#8221;14000&#8243; direction_nav=&#8221;thumbflip&#8221; skip_arrow=&#8221;false&#8221; disable_lazyload=&#8221;true&#8221; slides=&#8221;361, 363&#8243;][\/vc_column][\/vc_row][vc_row id=&#8221;c1&#8243; css=&#8221;.vc_custom_1514465478152{padding-top: 35px !important;}&#8221;][vc_column][vc_column_text align=&#8221;center&#8221; css=&#8221;.vc_custom_1520122135027{margin-bottom: 0px !important;}&#8221;] Events [\/vc_column_text][vc_column_text align=&#8221;center&#8221; css=&#8221;.vc_custom_1520244670714{margin-bottom: 0px !important;}&#8221;] Information about upcoming events. [\/vc_column_text][mk_padding_divider size=&#8221;20&#8243;][vc_separator color=&#8221;chino&#8221; border_width=&#8221;2&#8243; el_width=&#8221;10&#8243;][\/vc_column][\/vc_row][vc_row id=&#8221;c1&#8243; css=&#8221;.vc_custom_1528273238327{margin-bottom: 65px !important;padding-top: 35px !important;}&#8221;][vc_column width=&#8221;1\/2&#8243;][vc_column_text align=&#8221;center&#8221; css=&#8221;.vc_custom_1545637054414{margin-bottom: 0px !important;}&#8221;] Shibari lernen \u2013 aktuelle Workshops [&hellip;]<\/p>\n","protected":false},"author":1,"featured_media":0,"parent":0,"menu_order":0,"comment_status":"closed","ping_status":"closed","template":"","meta":[],"_links":{"self":[{"href":"https:\/\/www.fourelements.de.com\/en\/wp-json\/wp\/v2\/pages\/349"}],"collection":[{"href":"https:\/\/www.fourelements.de.com\/en\/wp-json\/wp\/v2\/pages"}],"about":[{"href":"https:\/\/www.fourelements.de.com\/en\/wp-json\/wp\/v2\/types\/page"}],"author":[{"embeddable":true,"href":"https:\/\/www.fourelements.de.com\/en\/wp-json\/wp\/v2\/users\/1"}],"replies":[{"embeddable":true,"href":"https:\/\/www.fourelements.de.com\/en\/wp-json\/wp\/v2\/comments?post=349"}],"version-history":[{"count":61,"href":"https:\/\/www.fourelements.de.com\/en\/wp-json\/wp\/v2\/pages\/349\/revisions"}],"predecessor-version":[{"id":638,"href":"https:\/\/www.fourelements.de.com\/en\/wp-json\/wp\/v2\/pages\/349\/revisions\/638"}],"wp:attachment":[{"href":"https:\/\/www.fourelements.de.com\/en\/wp-json\/wp\/v2\/media?parent=349"}],"curies":[{"name":"wp","href":"https:\/\/api.w.org\/{rel}","templated":true}]}}